{"id":169,"date":"2024-04-30T17:34:00","date_gmt":"2024-04-30T15:34:00","guid":{"rendered":"https:\/\/www.convexconsult.cz\/?page_id=169"},"modified":"2025-01-30T21:50:02","modified_gmt":"2025-01-30T20:50:02","slug":"ceska-republika","status":"publish","type":"page","link":"https:\/\/www.convexconsult.cz\/en\/kontakt\/ceska-republika\/","title":{"rendered":"Czech Republic"},"content":{"rendered":"<p><strong>convex consult s.r.o.<\/strong><br \/>\nI\u010cO: <span class=\"nowrap\">216 11 777<br \/>\nDI\u010c: CZ216 11 777<br \/>\n<\/span><\/p>\n<p>Registered Office:<br \/>\nB\u0159\u00edza 170<br \/>\n413 01 Roudnice nad Labem<\/p>\n<p>Office location:<br \/>\nKv\u011btnov\u00e1 3<br \/>\n250 70 Odolena Voda<\/p>\n<p><a href=\"https:\/\/mapy.cz\/s\/kedomufapu\" target=\"_blank\" rel=\"noopener\">Map<\/a><\/p>\n<p>Tel.: +420 773 906 943<br \/>\nE-Mail: <a href=\"mailto:office@convexconsult.cz\">office@convexconsult.cz<\/a><br \/>\n<a href=\"http:\/\/www.convexconsult.cz\" target=\"_blank\" rel=\"noopener\">www.convexconsult.cz<\/a><\/p>\n<p>convex consult s.r.o., registered at <strong>B\u0159\u00edza 170, Roudnice nad Labem<\/strong>, is listed in the <strong>Regional Court in \u00dast\u00ed nad Labem<\/strong>, file number <strong>C 52237<\/strong>, identification number <strong>216 11 777<\/strong>.<\/p>\n<p><a href=\"https:\/\/www.convexconsult.cz\/pravni-informace\/\" target=\"_blank\" rel=\"noopener\">Imprint<\/a><\/p>","protected":false},"excerpt":{"rendered":"<p>convex consult s.r.o. I\u010cO: 216 11 777 DI\u010c: CZ216 11 777 Registered Office: B\u0159\u00edza 170 413 01 Roudnice nad Labem Office location: Kv\u011btnov\u00e1 3 250 70 Odolena Voda Map Tel.: +420 773 906 943 E-Mail: office@convexconsult.cz www.convexconsult.cz convex consult s.r.o., registered at B\u0159\u00edza 170, Roudnice nad Labem, is listed in the Regional Court in \u00dast\u00ed&#8230;  <a class=\"excerpt-read-more\" href=\"https:\/\/www.convexconsult.cz\/en\/kontakt\/ceska-republika\/\" title=\"Read Czech Republic\">Read more &raquo;<\/a><\/p>\n","protected":false},"author":2,"featured_media":0,"parent":167,"menu_order":1,"comment_status":"closed","ping_status":"closed","template":"page-kontaktstandorte.php","meta":{"footnotes":""},"class_list":["post-169","page","type-page","status-publish","hentry"],"_links":{"self":[{"href":"https:\/\/www.convexconsult.cz\/en\/wp-json\/wp\/v2\/pages\/169","targetHints":{"allow":["GET"]}}],"collection":[{"href":"https:\/\/www.convexconsult.cz\/en\/wp-json\/wp\/v2\/pages"}],"about":[{"href":"https:\/\/www.convexconsult.cz\/en\/wp-json\/wp\/v2\/types\/page"}],"author":[{"embeddable":true,"href":"https:\/\/www.convexconsult.cz\/en\/wp-json\/wp\/v2\/users\/2"}],"replies":[{"embeddable":true,"href":"https:\/\/www.convexconsult.cz\/en\/wp-json\/wp\/v2\/comments?post=169"}],"version-history":[{"count":3,"href":"https:\/\/www.convexconsult.cz\/en\/wp-json\/wp\/v2\/pages\/169\/revisions"}],"predecessor-version":[{"id":757,"href":"https:\/\/www.convexconsult.cz\/en\/wp-json\/wp\/v2\/pages\/169\/revisions\/757"}],"up":[{"embeddable":true,"href":"https:\/\/www.convexconsult.cz\/en\/wp-json\/wp\/v2\/pages\/167"}],"wp:attachment":[{"href":"https:\/\/www.convexconsult.cz\/en\/wp-json\/wp\/v2\/media?parent=169"}],"curies":[{"name":"wp","href":"https:\/\/api.w.org\/{rel}","templated":true}]}}