{"id":3,"date":"2024-04-18T06:22:12","date_gmt":"2024-04-18T04:22:12","guid":{"rendered":"https:\/\/www.convexconsult.cz\/?page_id=3"},"modified":"2024-12-11T09:19:36","modified_gmt":"2024-12-11T08:19:36","slug":"privacy","status":"publish","type":"page","link":"https:\/\/www.convexconsult.cz\/en\/privacy\/","title":{"rendered":"Z\u00e1sady ochrany osobn\u00edch \u00fadaj\u016f"},"content":{"rendered":"<p><\/p>\n<h2><span style=\"color: #000000;\">PRIVACY RIGHTS<br \/>\n<\/span><\/h2>\n<h3><span style=\"color: #000000;\"><strong>Obecn\u00e9<\/strong><\/span><\/h3>\n<p><span style=\"color: #000000;\">The protection of your personal data is important to us. We process your data exclusively within the framework of legal regulations in Czech Republic. Below we inform you about the most important aspects of data processing on our website.<\/span><\/p>\n<h3><span style=\"color: #000000;\"><strong>Kontaktujte n\u00e1s<\/strong><\/span><\/h3>\n<p><span style=\"color: #000000;\">If you contact us by e-mail, your data will be stored for six months for the purpose of processing your inquiry and in the event of further questions. We will not pass on this data without your consent.<\/span><\/p>\n<h3><span style=\"color: #000000;\"><strong>Cookie-Guidelines<\/strong><\/span><\/h3>\n<p><span style=\"color: #000000;\">Our website uses cookies. These are small text files that are stored on your mobile device using the browser. You do no damage to your terminal. We use cookies to make our website user-friendly. Some cookies remain stored on your device until you delete them. This enables us to recognize your browser the next time you visit us. This information can be, for example, your language selection or your preferences regarding display settings. The website recognizes that your device has visited you before and adapts your offer to your personal needs and preferences. If you do not wish this, you can set your browser so that it informs you about the setting of cookies and you only allow this in individual cases. When cookies are deactivated, the functionality of our website may be limited.<\/span><\/p>\n<p>Change your Cookie Preferences for this Website:<br \/>\n<a class=\"_brlbs-btn-cookie-preference borlabs-cookie-preference\" href=\"#\">Cookie<\/a><\/p>\n<h3><strong><span style=\"color: #000000;\">Web-Analysis: Google Analytics<br \/>\n<\/span><\/strong><\/h3>\n<p><span style=\"color: #000000;\">Our website uses functions of the web analysis service of Google Inc. (1600 Amphitheatre Parkway, Mountain View, CA 94043, United States). Cookies are used to help the website analyze how users use the site. The information generated in this way is transferred to the provider\u2019s server and stored there. You can prevent this by setting your browser so that no cookies are stored. We have concluded a corresponding contract with the provider for order data processing.<\/span><br \/>\n<span style=\"color: #000000;\">Your IP address is recorded, but immediately pseudonymised (e.g. by deleting the last 8 bits). This means that only a rough localisation is possible. Google Inc. observes the data protection provisions of the \u201cEU-US Privacy Shield\u201d agreement. Data processing is based on the statutory provisions of \u00a7 96 Para. 3 TKG and Art. 6 Para. 1 lit a (consent) and\/or f (legitimate interest) of the DSGVO. Our concern in the sense of the DSGVO (legitimate interest) is the improvement of our offer and our website. Since the privacy of our users is important to us, the user data is pseudonymised.<\/span><br \/>\n<span style=\"color: #000000;\">Via this link you can deactivate the collection of data by Google Analytics for this website: <span style=\"text-decoration: underline;\"><a>Deactivating the collection of data by Google Analytics for this website<\/a><\/span><\/span><\/p>\n<h3><span style=\"color: #000000;\"><strong>Your rights<\/strong><\/span><\/h3>\n<p><span style=\"color: #000000;\">You have the right to information, correction, deletion, restriction of processing, data transferability, revocation and objection of your data. If you believe that the processing of your data violates data protection law or your data protection claims have been violated in any other way, you can complain to the supervisory authority.<br \/>\n<\/span><\/p>\n<h3><strong><span style=\"color: #000000;\">Our contact data<\/span><\/strong><\/h3>\n<p><span style=\"color: #000000;\">convex consult s.r.o.<\/span><br \/>\n<span style=\"color: #000000;\">B\u0159\u00edza 170<\/span><br \/>\n<span style=\"color: #000000;\">Roudnice nad labem 413 01<\/span><br \/>\n<span style=\"color: #000000;\">\u010cesk\u00e1 Republika<\/span><\/p>\n<p><span style=\"color: #000000;\">Telefon: +420 773 906 943<\/span><br \/>\n<span style=\"color: #000000;\">e-mail: office@convexconsult.cz<\/span><\/p>","protected":false},"excerpt":{"rendered":"<p>PRIVACY RIGHTS Obecn\u00e9 The protection of your personal data is important to us. We process your data exclusively within the framework of legal regulations in Czech Republic. Below we inform you about the most important aspects of data processing on our website. Kontaktujte n\u00e1s If you contact us by e-mail, your data will be stored&#8230;  <a class=\"excerpt-read-more\" href=\"https:\/\/www.convexconsult.cz\/en\/privacy\/\" title=\"Read Z\u00e1sady ochrany osobn\u00edch \u00fadaj\u016f\">Read more &raquo;<\/a><\/p>\n","protected":false},"author":1,"featured_media":44,"parent":0,"menu_order":22,"comment_status":"closed","ping_status":"closed","template":"page-allg.php","meta":{"footnotes":""},"class_list":["post-3","page","type-page","status-publish","has-post-thumbnail","hentry"],"_links":{"self":[{"href":"https:\/\/www.convexconsult.cz\/en\/wp-json\/wp\/v2\/pages\/3","targetHints":{"allow":["GET"]}}],"collection":[{"href":"https:\/\/www.convexconsult.cz\/en\/wp-json\/wp\/v2\/pages"}],"about":[{"href":"https:\/\/www.convexconsult.cz\/en\/wp-json\/wp\/v2\/types\/page"}],"author":[{"embeddable":true,"href":"https:\/\/www.convexconsult.cz\/en\/wp-json\/wp\/v2\/users\/1"}],"replies":[{"embeddable":true,"href":"https:\/\/www.convexconsult.cz\/en\/wp-json\/wp\/v2\/comments?post=3"}],"version-history":[{"count":3,"href":"https:\/\/www.convexconsult.cz\/en\/wp-json\/wp\/v2\/pages\/3\/revisions"}],"predecessor-version":[{"id":716,"href":"https:\/\/www.convexconsult.cz\/en\/wp-json\/wp\/v2\/pages\/3\/revisions\/716"}],"wp:featuredmedia":[{"embeddable":true,"href":"https:\/\/www.convexconsult.cz\/en\/wp-json\/wp\/v2\/media\/44"}],"wp:attachment":[{"href":"https:\/\/www.convexconsult.cz\/en\/wp-json\/wp\/v2\/media?parent=3"}],"curies":[{"name":"wp","href":"https:\/\/api.w.org\/{rel}","templated":true}]}}