{"id":441,"date":"2024-05-02T15:34:03","date_gmt":"2024-05-02T13:34:03","guid":{"rendered":"https:\/\/www.convexconsult.cz\/?page_id=441"},"modified":"2025-01-30T21:53:46","modified_gmt":"2025-01-30T20:53:46","slug":"pravni-informace","status":"publish","type":"page","link":"https:\/\/www.convexconsult.cz\/en\/pravni-informace\/","title":{"rendered":"Imprint"},"content":{"rendered":"<p><\/p>\n<h2>IMPRINT<\/h2>\n<p><strong>convex consult s.r.o.<\/strong><br \/>\nB\u0159\u00edza 170, 413 01 Roudnice nad Labem, Czech Republic<br \/>\nTel.: +420 773 906 943<br \/>\nwww.convexconsult.cz<br \/>\nE-Mail: lukas.cernosta@convexconsult.cz<br \/>\nCommercial Register No.:\u00a021611777<br \/>\nCommercial Register Court:\u00a0\u00dast\u00ed nad Labem<br \/>\nTax identification number: CZ21611777<br \/>\nManaging Director: Ing. Lukas Cernosta<\/p>\n<p><strong>convex ZT GmbH<\/strong><br \/>\nAm Katzelbach 7, 8054 Graz<br \/>\nPhone: +43 316 28 11 80<br \/>\nFax: +43 316 28 11 80 \u2013 99<br \/>\nwww.convex.at<br \/>\nE-Mail: office@convex.at<br \/>\nCommercial Register No.: FN 194475 v<br \/>\nCommercial Register Court: Graz<br \/>\nVAT Identification No.: ATU 60801715<br \/>\nManaging Director: DI Dr. Timur Uzunoglu,\u00a0DI Dr. Thomas Laggner<br \/>\nRegistered at: Chamber of Architects and Engineers for Styria and Carinthia<\/p>\n<p><strong>convex Proje M\u00fchendislik Dan\u0131\u015fmanl\u0131k In\u015faat Taahh\u00fct Sanayi ve Ticaret Limited \u015eirketi<\/strong><br \/>\nAv. S\u00fcreyya Agaoglu Sok. 2\/2, 34365 Tesvikiye\/Istanbul<br \/>\nPhone: +90 212 296 5670<br \/>\nFax: +90 212 296 2370<br \/>\nhttps:\/\/www.convex.com.tr<br \/>\nE-Mail: office@convex.com.tr<br \/>\nCommercial Register No.: 626451<br \/>\nCommercial Register Court: Istanbul<br \/>\nTax Number: 2110613778<br \/>\nManaging Director: DI Murat G\u00f6k\u00e7e<br \/>\nRegistered at: Istanbul Chamber of Commerce (ITO)<\/p>\n<p><strong>convex consulting engineers s.r.l.<\/strong><br \/>\nStr. Paris Nr. 27, Ap. 3,\u00a0Cluj-Napoca<br \/>\nPhone: +43 664 213 213 8<br \/>\nE-Mail: office@convex.at<br \/>\nCommercial Register No.: 23325052<br \/>\nCommercial Register Court:\u00a0Cluj<br \/>\nVAT Identification No.: RO 23325052<br \/>\nManaging Director: DI Dr. Timur Uzunoglu<\/p>\n<p><strong>A&amp;N Property Development GmbH<\/strong><br \/>\nSch\u00f6naugasse 4, 8010 Graz<br \/>\nTel.: +43 316 82 13 89 \u2013 0<br \/>\nCommercial Register No.: FN 264448 w<br \/>\nCommercial Register Court: Graz<br \/>\nDirector: Bmst. Ing. Rudolf Leitner<\/p>\n<p><strong>movingpower\u00a0GmbH<\/strong><br \/>\nAm Katzelbach 7, 8054 Graz<br \/>\nTel.:\u00a0+43 664 213 213 8<br \/>\nwww.movingpower.at<br \/>\nE-Mail: timur.uzunoglu@movingpower.at<br \/>\nCommercial Register No.:\u00a0FN 546736 z<br \/>\nCommercial Register No.: Graz<br \/>\nManaging Directors: CEO DI Dr. Timur Uzunoglu<\/p>\n<p><strong>clone:it GmbH<\/strong><br \/>\nAm Katzelbach 7, 8054 Graz<br \/>\nTel.:\u00a0+43 664 213 213 8<br \/>\nwww.cloneit.at<br \/>\nE-Mail: office@coloneit.at<br \/>\nCommercial Register No.:\u00a0FN 601893 m<br \/>\nCommercial Register No.: Graz<br \/>\nManaging Directors: CEO DI Paul Wegerer, CTO DI Liebhard Mattuschka<\/p>\n<p><strong>moonriver.energy GmbH<\/strong><br \/>\nAm Katzelbach 7, 8054 Graz<br \/>\nTel.:\u00a0+43 664 213 213 8<br \/>\nwww.moonriver.energy<br \/>\nE-Mail:\u00a0timur.uzunoglu@movingpower.at<br \/>\nCommercial Register No.:\u00a0FN 615763 i<br \/>\nCommercial Register No.: Graz<br \/>\nManaging Directors: CEO\u00a0DI Dr. Timur Uzunoglu, CFO DI Stefan Leitner<\/p>","protected":false},"excerpt":{"rendered":"<p>IMPRINT convex consult s.r.o. B\u0159\u00edza 170, 413 01 Roudnice nad Labem, Czech Republic Tel.: +420 773 906 943 www.convexconsult.cz E-Mail: lukas.cernosta@convexconsult.cz Commercial Register No.:\u00a021611777 Commercial Register Court:\u00a0\u00dast\u00ed nad Labem Tax identification number: CZ21611777 Managing Director: Ing. Lukas Cernosta convex ZT GmbH Am Katzelbach 7, 8054 Graz Phone: +43 316 28 11 80 Fax: +43 316&#8230;  <a class=\"excerpt-read-more\" href=\"https:\/\/www.convexconsult.cz\/en\/pravni-informace\/\" title=\"Read Imprint\">Read more &raquo;<\/a><\/p>\n","protected":false},"author":2,"featured_media":44,"parent":0,"menu_order":21,"comment_status":"closed","ping_status":"closed","template":"page-allg.php","meta":{"footnotes":""},"class_list":["post-441","page","type-page","status-publish","has-post-thumbnail","hentry"],"_links":{"self":[{"href":"https:\/\/www.convexconsult.cz\/en\/wp-json\/wp\/v2\/pages\/441","targetHints":{"allow":["GET"]}}],"collection":[{"href":"https:\/\/www.convexconsult.cz\/en\/wp-json\/wp\/v2\/pages"}],"about":[{"href":"https:\/\/www.convexconsult.cz\/en\/wp-json\/wp\/v2\/types\/page"}],"author":[{"embeddable":true,"href":"https:\/\/www.convexconsult.cz\/en\/wp-json\/wp\/v2\/users\/2"}],"replies":[{"embeddable":true,"href":"https:\/\/www.convexconsult.cz\/en\/wp-json\/wp\/v2\/comments?post=441"}],"version-history":[{"count":3,"href":"https:\/\/www.convexconsult.cz\/en\/wp-json\/wp\/v2\/pages\/441\/revisions"}],"predecessor-version":[{"id":761,"href":"https:\/\/www.convexconsult.cz\/en\/wp-json\/wp\/v2\/pages\/441\/revisions\/761"}],"wp:featuredmedia":[{"embeddable":true,"href":"https:\/\/www.convexconsult.cz\/en\/wp-json\/wp\/v2\/media\/44"}],"wp:attachment":[{"href":"https:\/\/www.convexconsult.cz\/en\/wp-json\/wp\/v2\/media?parent=441"}],"curies":[{"name":"wp","href":"https:\/\/api.w.org\/{rel}","templated":true}]}}